{"id":4697,"date":"2024-03-18T13:08:44","date_gmt":"2024-03-18T13:08:44","guid":{"rendered":"http:\/\/envol.de\/?page_id=4697"},"modified":"2025-04-09T09:46:36","modified_gmt":"2025-04-09T09:46:36","slug":"impressum","status":"publish","type":"page","link":"https:\/\/envol.de\/?page_id=4697","title":{"rendered":"Impressum"},"content":{"rendered":"\t\t<div data-elementor-type=\"wp-page\" data-elementor-id=\"4697\" class=\"elementor elementor-4697\" data-elementor-post-type=\"page\">\n\t\t\t\t<div class=\"elementor-element elementor-element-3352f9ad e-flex e-con-boxed e-con e-parent\" data-id=\"3352f9ad\" data-element_type=\"container\" data-e-type=\"container\">\n\t\t\t\t\t<div class=\"e-con-inner\">\n\t\t\t\t<div class=\"elementor-element elementor-element-1a981aa elementor-widget elementor-widget-heading\" data-id=\"1a981aa\" data-element_type=\"widget\" data-e-type=\"widget\" data-widget_type=\"heading.default\">\n\t\t\t\t<div class=\"elementor-widget-container\">\n\t\t\t\t\t<h2 class=\"elementor-heading-title elementor-size-default\">Impressum<\/h2>\t\t\t\t<\/div>\n\t\t\t\t<\/div>\n\t\t\t\t<div class=\"elementor-element elementor-element-6b8536df elementor-widget elementor-widget-text-editor\" data-id=\"6b8536df\" data-element_type=\"widget\" data-e-type=\"widget\" data-widget_type=\"text-editor.default\">\n\t\t\t\t<div class=\"elementor-widget-container\">\n\t\t\t\t\t\t\t\t\t<p><strong>Anbieter:<\/strong><\/p>\n<p>TVS IT-Systeme GmbH<\/p>\n<p>B\u00f6blinger Stra\u00dfe 74<\/p>\n<p>D-71065 Sindelfingen<\/p>\n<p>&nbsp;<\/p>\n<p>Gerichtsstand: Amtsgericht Stuttgart<\/p>\n<p>HRB-Nummer: 738204<\/p>\n<p>Steuernummer: 56467\/02178<\/p>\n<p>Ust. ID: DE815295810<\/p>\n<p>Gesch\u00e4ftsf\u00fchrung: Michael Schmitz<\/p>\n<p>Verantwortlich nach \u00a7 6 Abs.2 MDStV<\/p><br>\n<p><strong>Kontakt:<\/strong><\/p>\n<p>Tel.:07031 2851 130<\/p>\n<p>Email.: info@envol.de<\/p>\n<p>Web:\u00a0<a class=\"fui-Link ___1rxvrpe f2hkw1w f3rmtva f1ewtqcl fyind8e f1k6fduh f1w7gpdv fk6fouc fjoy568 figsok6 f1hu3pq6 f11qmguv f19f4twv f1tyq0we f1g0x7ka fhxju0i f1qch9an f1cnd47f fqv5qza f1vmzxwi f1o700av f13mvf36 f1cmlufx f9n3di6 f1ids18y f1tx3yz7 f1deo86v f1eh06m1 f1iescvh fhgqx19 f1olyrje f1p93eir f1nev41a f1h8hb77 f1lqvz6u f10aw75t fsle3fq f17ae5zn\" title=\"http:\/\/www.envol.de\/\" href=\"http:\/\/www.envol.de\" target=\"_blank\" rel=\"noreferrer noopener\" aria-label=\"Link www.envol.de\">www.envol.de<\/a><\/p><br>\n<p><strong>Haftung f\u00fcr Inhalte<\/strong><\/p>\n<p>Die Inhalte unserer Seiten wurden mit gr\u00f6\u00dfter Sorgfalt erstellt. F\u00fcr die Richtigkeit, Vollst\u00e4ndigkeit und Aktualit\u00e4t der Inhalte k\u00f6nnen wir jedoch keine Gew\u00e4hr \u00fcbernehmen. Als Diensteanbieter sind wir gem\u00e4\u00df \u00a7 7 Abs.1 TMG f\u00fcr eigene Inhalte auf diesen Seiten nach den allgemeinen Gesetzen verantwortlich. Nach \u00a7\u00a7 8 bis 10 TMG sind wir als Diensteanbieter jedoch nicht verpflichtet, \u00fcbermittelte oder gespeicherte fremde Informationen zu \u00fcberwachen oder nach Umst\u00e4nden zu forschen, die auf eine rechtswidrige T\u00e4tigkeit hinweisen. Verpflichtungen zur Entfernung oder Sperrung der Nutzung von Informationen nach den allgemeinen Gesetzen bleiben hiervon unber\u00fchrt. Eine diesbez\u00fcgliche Haftung ist jedoch erst ab dem Zeitpunkt der Kenntnis einer konkreten Rechtsverletzung m\u00f6glich. Bei bekannt werden von entsprechenden Rechtsverletzungen werden wir diese Inhalte umgehend entfernen.<\/p><br>\n<p><strong>Haftung f\u00fcr Links<\/strong><\/p>\n<p>Unser Angebot enth\u00e4lt Links zu externen Webseiten Dritter, auf deren Inhalte wir keinen Einfluss haben. Deshalb k\u00f6nnen wir f\u00fcr diese fremden Inhalte auch keine Gew\u00e4hr \u00fcbernehmen. F\u00fcr die Inhalte der verlinkten Seiten ist stets der jeweilige Anbieter oder Betreiber der Seiten verantwortlich. Die verlinkten Seiten wurden zum Zeitpunkt der Verlinkung auf m\u00f6gliche Rechtsverst\u00f6\u00dfe \u00fcberpr\u00fcft. Rechtswidrige Inhalte waren zum Zeitpunkt der Verlinkung nicht erkennbar. Eine permanente inhaltliche Kontrolle der verlinkten Seiten ist jedoch ohne konkrete Anhaltspunkte einer Rechtsverletzung nicht zumutbar. Bei bekannt werden von Rechtsverletzungen werden wir derartige Links umgehend entfernen.<\/p>\n<p><br><strong>Urheberrecht<\/strong><\/p>\n<p>Die durch die Seitenbetreiber erstellten Inhalte und Werke auf diesen Seiten unterliegen dem deutschen Urheberrecht. Beitr\u00e4ge Dritter sind als solche gekennzeichnet. Die Vervielf\u00e4ltigung, Bearbeitung, Verbreitung und jede Art der Verwertung au\u00dferhalb der Grenzen des Urheberrechtes bed\u00fcrfen der schriftlichen Zustimmung des jeweiligen Autors bzw. Erstellers. Downloads und Kopien dieser Seite sind nur f\u00fcr den privaten, nicht kommerziellen Gebrauch gestattet. Die Betreiber der Seiten sind bem\u00fcht, stets die Urheberrechte anderer zu beachten bzw. auf selbst erstellte sowie lizenzfreie Werke zur\u00fcckzugreifen.<\/p>\n<p><!-- \/wp:paragraph --><\/p>\t\t\t\t\t\t\t\t<\/div>\n\t\t\t\t<\/div>\n\t\t\t\t\t<\/div>\n\t\t\t\t<\/div>\n\t\t\t\t<\/div>\n\t\t","protected":false},"excerpt":{"rendered":"<p>Impressum Anbieter: TVS IT-Systeme GmbH B\u00f6blinger Stra\u00dfe 74 D-71065 Sindelfingen &nbsp; Gerichtsstand: Amtsgericht Stuttgart HRB-Nummer: 738204 Steuernummer: 56467\/02178 Ust. ID: DE815295810 Gesch\u00e4ftsf\u00fchrung: Michael Schmitz Verantwortlich nach \u00a7 6 Abs.2 MDStV Kontakt: Tel.:07031 2851 130 Email.: info@envol.de Web:\u00a0www.envol.de Haftung f\u00fcr Inhalte Die Inhalte unserer Seiten wurden mit gr\u00f6\u00dfter Sorgfalt erstellt. F\u00fcr die Richtigkeit, Vollst\u00e4ndigkeit und Aktualit\u00e4t [&hellip;]<\/p>\n","protected":false},"author":1,"featured_media":0,"parent":0,"menu_order":0,"comment_status":"closed","ping_status":"open","template":"","meta":{"footnotes":""},"class_list":["post-4697","page","type-page","status-publish","hentry"],"_links":{"self":[{"href":"https:\/\/envol.de\/index.php?rest_route=\/wp\/v2\/pages\/4697","targetHints":{"allow":["GET"]}}],"collection":[{"href":"https:\/\/envol.de\/index.php?rest_route=\/wp\/v2\/pages"}],"about":[{"href":"https:\/\/envol.de\/index.php?rest_route=\/wp\/v2\/types\/page"}],"author":[{"embeddable":true,"href":"https:\/\/envol.de\/index.php?rest_route=\/wp\/v2\/users\/1"}],"replies":[{"embeddable":true,"href":"https:\/\/envol.de\/index.php?rest_route=%2Fwp%2Fv2%2Fcomments&post=4697"}],"version-history":[{"count":19,"href":"https:\/\/envol.de\/index.php?rest_route=\/wp\/v2\/pages\/4697\/revisions"}],"predecessor-version":[{"id":8439,"href":"https:\/\/envol.de\/index.php?rest_route=\/wp\/v2\/pages\/4697\/revisions\/8439"}],"wp:attachment":[{"href":"https:\/\/envol.de\/index.php?rest_route=%2Fwp%2Fv2%2Fmedia&parent=4697"}],"curies":[{"name":"wp","href":"https:\/\/api.w.org\/{rel}","templated":true}]}}