{"id":8417,"date":"2025-04-09T09:16:17","date_gmt":"2025-04-09T09:16:17","guid":{"rendered":"https:\/\/envol.de\/?page_id=8417"},"modified":"2025-07-14T07:59:30","modified_gmt":"2025-07-14T07:59:30","slug":"datenschutzerklaerung","status":"publish","type":"page","link":"https:\/\/envol.de\/?page_id=8417","title":{"rendered":"Datenschutzbestimmung"},"content":{"rendered":"\t\t<div data-elementor-type=\"wp-page\" data-elementor-id=\"8417\" class=\"elementor elementor-8417\" data-elementor-post-type=\"page\">\n\t\t\t\t<div class=\"elementor-element elementor-element-df32996 e-flex e-con-boxed e-con e-parent\" data-id=\"df32996\" data-element_type=\"container\" data-e-type=\"container\" data-settings=\"{&quot;background_background&quot;:&quot;classic&quot;}\">\n\t\t\t\t\t<div class=\"e-con-inner\">\n\t\t\t\t<div class=\"elementor-element elementor-element-9da4301 elementor-widget elementor-widget-heading\" data-id=\"9da4301\" data-element_type=\"widget\" data-e-type=\"widget\" data-widget_type=\"heading.default\">\n\t\t\t\t<div class=\"elementor-widget-container\">\n\t\t\t\t\t<h2 class=\"elementor-heading-title elementor-size-default\">Datenschutzbestimmung<\/h2>\t\t\t\t<\/div>\n\t\t\t\t<\/div>\n\t\t\t\t<div class=\"elementor-element elementor-element-34c302d elementor-widget elementor-widget-text-editor\" data-id=\"34c302d\" data-element_type=\"widget\" data-e-type=\"widget\" data-widget_type=\"text-editor.default\">\n\t\t\t\t<div class=\"elementor-widget-container\">\n\t\t\t\t\t\t\t\t\t<p><strong>1. Verantwortlicher<\/strong> <br \/>Diese Website wird betrieben unter der Marke \u201eEnvol\u201c durch die: <br \/><br \/><\/p><p>TVS IT-Systeme GmbH <br \/>B\u00f6blinger Stra\u00dfe 74<br \/>71065 Sindelfingen<br \/>E-Mail: info@tvs-it.de<br \/><br \/><\/p><p>Verantwortlich im Sinne der DSGVO ist die TVS IT-Systeme GmbH.<br \/><br \/><\/p><p><strong>2. Allgemeines zur Datenverarbeitung<\/strong><br \/>Wir nehmen den Schutz Ihrer personenbezogenen Daten sehr ernst. Ihre Daten werden vertraulich und entsprechend den gesetzlichen Datenschutzvorschriften sowie dieser Datenschutzerkl\u00e4rung behandelt.<br \/><br \/><\/p><p><strong>3. Hosting und Website-Betrieb<\/strong><br \/>Unsere Website basiert auf WordPress und wurde mit dem Elementor Page Builder erstellt. Dabei werden technisch notwendige Daten verarbeitet, um die Inhalte korrekt darzustellen.<br \/><br \/><\/p><p><strong>4. Verwendung von Cookies<\/strong><br \/>Wir verwenden auf unserer Website Cookies. Dabei kommen sowohl technisch notwendige als auch (nach Einwilligung) optionale Cookies zum Einsatz, etwa zur Analyse mittels Google Analytics.<br \/><br \/><\/p><p>Beim ersten Besuch unserer Website erscheint ein Cookie-Banner (bereitgestellt durch \u201eComplianz\u201c), mit dem Sie entscheiden k\u00f6nnen, welche Cookies Sie zulassen m\u00f6chten.<br \/><br \/><\/p><p>Rechtsgrundlage f\u00fcr die Verwendung von nicht notwendigen Cookies ist Ihre Einwilligung gem\u00e4\u00df Art. 6 Abs. 1 lit. a DSGVO. Diese Einwilligung k\u00f6nnen Sie jederzeit \u00fcber die Cookie-Einstellungen auf unserer Website widerrufen.<br \/><br \/><\/p><p><strong>5. Kontaktformular<\/strong><br \/>Wenn Sie uns \u00fcber das Kontaktformular kontaktieren, werden folgende personenbezogene Daten erhoben:<br \/>&#8211; Name<br \/>&#8211; E-Mail-Adresse<br \/>&#8211; Adresse (optional)<br \/>&#8211; Telefonnummer (optional)<br \/>&#8211; Stromverbrauch (optional)<br \/>&#8211; Freitext\u00a0<\/p><p>\u00a0<\/p><p>Diese Daten ben\u00f6tigen wir zur Angebotserstellung und zur Kontaktaufnahme.<br \/><br \/><\/p><p>Rechtsgrundlage:<br \/>Die Verarbeitung erfolgt gem\u00e4\u00df Art. 6 Abs. 1 lit. b DSGVO (vorvertragliche Ma\u00dfnahmen auf Anfrage).<br \/><br \/><\/p><p>Die \u00fcbermittelten Daten werden ausschlie\u00dflich zum Zweck der Bearbeitung Ihrer Anfrage genutzt und nicht an Dritte weitergegeben. Die Daten werden gel\u00f6scht, sobald sie f\u00fcr den Zweck ihrer Erhebung nicht mehr erforderlich sind.<br \/><br \/><\/p><p><strong>6. Einsatz von Google Analytics<\/strong><br \/>Diese Website nutzt Google Analytics, einen Webanalysedienst der Google Ireland Limited (\u201eGoogle\u201c). Google Analytics verwendet Cookies, die auf Ihrem Endger\u00e4t gespeichert werden und eine Analyse Ihrer Nutzung der Website erm\u00f6glichen.<br \/><br \/><\/p><p>Wir haben die IP-Anonymisierung aktiviert, sodass Ihre IP-Adresse innerhalb der EU gek\u00fcrzt wird. Die \u00fcber Google Analytics erfassten Informationen werden in der Regel an Server von Google in den USA \u00fcbertragen.<br \/><br \/><\/p><p>Rechtsgrundlage:<br \/>Die Verarbeitung erfolgt nur auf Basis Ihrer Einwilligung gem\u00e4\u00df Art. 6 Abs. 1 lit. a DSGVO.<br \/><br \/><\/p><p>Sie k\u00f6nnen Ihre Einwilligung jederzeit \u00fcber die Cookie-Einstellungen widerrufen. Weitere Informationen finden Sie unter: https:\/\/policies.google.com\/privacy<br \/><br \/><\/p><p><strong>7. Ihre Rechte<\/strong><br \/>Sie haben jederzeit das Recht auf:<br \/>&#8211; Auskunft \u00fcber Ihre gespeicherten Daten (Art. 15 DSGVO)<br \/>&#8211; Berichtigung unrichtiger Daten (Art. 16 DSGVO)<br \/>&#8211; L\u00f6schung Ihrer Daten (Art. 17 DSGVO)<br \/>&#8211; Einschr\u00e4nkung der Verarbeitung (Art. 18 DSGVO)<br \/>&#8211; Daten\u00fcbertragbarkeit (Art. 20 DSGVO)<br \/>&#8211; Widerspruch gegen die Verarbeitung (Art. 21 DSGVO)<br \/><br \/><\/p><p>Beschwerderecht:<br \/>Wenn Sie der Ansicht sind, dass die Verarbeitung Ihrer personenbezogenen Daten gegen das Datenschutzrecht verst\u00f6\u00dft, haben Sie das Recht, sich bei einer Aufsichtsbeh\u00f6rde zu beschweren.<br \/><br \/><\/p><p><strong>8. \u00c4nderungen dieser Datenschutzerkl\u00e4rung<\/strong><br \/>Wir behalten uns vor, diese Datenschutzerkl\u00e4rung zu \u00e4ndern, wenn sich die Rechtslage oder unser Angebot auf der Website \u00e4ndert.<\/p>\t\t\t\t\t\t\t\t<\/div>\n\t\t\t\t<\/div>\n\t\t\t\t\t<\/div>\n\t\t\t\t<\/div>\n\t\t\t\t<\/div>\n\t\t","protected":false},"excerpt":{"rendered":"<p>Datenschutzbestimmung 1. Verantwortlicher Diese Website wird betrieben unter der Marke \u201eEnvol\u201c durch die: TVS IT-Systeme GmbH B\u00f6blinger Stra\u00dfe 7471065 SindelfingenE-Mail: info@tvs-it.de Verantwortlich im Sinne der DSGVO ist die TVS IT-Systeme GmbH. 2. Allgemeines zur DatenverarbeitungWir nehmen den Schutz Ihrer personenbezogenen Daten sehr ernst. Ihre Daten werden vertraulich und entsprechend den gesetzlichen Datenschutzvorschriften sowie dieser Datenschutzerkl\u00e4rung [&hellip;]<\/p>\n","protected":false},"author":3,"featured_media":0,"parent":0,"menu_order":0,"comment_status":"closed","ping_status":"closed","template":"","meta":{"footnotes":""},"class_list":["post-8417","page","type-page","status-publish","hentry"],"_links":{"self":[{"href":"https:\/\/envol.de\/index.php?rest_route=\/wp\/v2\/pages\/8417","targetHints":{"allow":["GET"]}}],"collection":[{"href":"https:\/\/envol.de\/index.php?rest_route=\/wp\/v2\/pages"}],"about":[{"href":"https:\/\/envol.de\/index.php?rest_route=\/wp\/v2\/types\/page"}],"author":[{"embeddable":true,"href":"https:\/\/envol.de\/index.php?rest_route=\/wp\/v2\/users\/3"}],"replies":[{"embeddable":true,"href":"https:\/\/envol.de\/index.php?rest_route=%2Fwp%2Fv2%2Fcomments&post=8417"}],"version-history":[{"count":13,"href":"https:\/\/envol.de\/index.php?rest_route=\/wp\/v2\/pages\/8417\/revisions"}],"predecessor-version":[{"id":8516,"href":"https:\/\/envol.de\/index.php?rest_route=\/wp\/v2\/pages\/8417\/revisions\/8516"}],"wp:attachment":[{"href":"https:\/\/envol.de\/index.php?rest_route=%2Fwp%2Fv2%2Fmedia&parent=8417"}],"curies":[{"name":"wp","href":"https:\/\/api.w.org\/{rel}","templated":true}]}}